{"id":33,"date":"2024-03-25T18:12:11","date_gmt":"2024-03-25T18:12:11","guid":{"rendered":"https:\/\/www.360circularagency.es\/?page_id=33"},"modified":"2024-10-24T23:36:16","modified_gmt":"2024-10-24T23:36:16","slug":"aviso-legal","status":"publish","type":"page","link":"https:\/\/www.360circularagency.es\/?page_id=33","title":{"rendered":"Aviso Legal"},"content":{"rendered":"\n<p>En cumplimiento con lo dispuesto por la <strong>Ley 34\/2002<\/strong>, de 11 de julio, de Servicios de la Sociedad de la Informaci\u00f3n y de Comercio Electr\u00f3nico (LSSI-CE), se informa a los usuarios de los siguientes datos:<\/p>\n\n\n\n<h4 class=\"wp-block-heading\"><strong>Datos del titular<\/strong><\/h4>\n\n\n\n<ul class=\"wp-block-list\">\n<li><strong>Titular:<\/strong> 360 The Circular Agency<\/li>\n\n\n\n<li><strong>CIF\/NIF:<\/strong> B01925049<\/li>\n\n\n\n<li><strong>Domicilio Social:<\/strong> Calle Alfonso Mej\u00edas, 3, San Miguel de Abona, 38620, Tenerife<\/li>\n\n\n\n<li><strong>Correo electr\u00f3nico:<\/strong> <a>administracion@360thecircularagency.com<\/a><\/li>\n<\/ul>\n\n\n\n<h4 class=\"wp-block-heading\"><strong>Condiciones de uso<\/strong><\/h4>\n\n\n\n<p>El acceso y la navegaci\u00f3n por el sitio web <strong><a href=\"http:\/\/www.360circularagency.es\">www.360circularagency.es<\/a><\/strong> y\/o el uso de los servicios ofrecidos en este implican que el usuario acepta el presente <strong>Aviso Legal<\/strong> en todas sus cl\u00e1usulas. Si el usuario no estuviera de acuerdo con alguna de las condiciones aqu\u00ed establecidas, deber\u00e1 abstenerse de utilizar este sitio web.<\/p>\n\n\n\n<p>El titular se reserva el derecho de modificar, en cualquier momento y sin previo aviso, la presentaci\u00f3n, configuraci\u00f3n y contenidos del sitio web, as\u00ed como las condiciones necesarias para su acceso o utilizaci\u00f3n. El acceso a los contenidos del sitio tras la entrada en vigor de los cambios o modificaciones supone la aceptaci\u00f3n de los mismos.<\/p>\n\n\n\n<h4 class=\"wp-block-heading\"><strong>Propiedad intelectual e industrial<\/strong><\/h4>\n\n\n\n<p>Todos los contenidos del sitio web (textos, im\u00e1genes, gr\u00e1ficos, dise\u00f1os, c\u00f3digo fuente, logos, marcas, etc.) son propiedad de <strong>360 The Circular Agency<\/strong> o de terceros, y est\u00e1n protegidos por la legislaci\u00f3n sobre propiedad intelectual e industrial.<\/p>\n\n\n\n<p>Queda prohibida la reproducci\u00f3n, distribuci\u00f3n, comunicaci\u00f3n p\u00fablica, transformaci\u00f3n o cualquier otra forma de explotaci\u00f3n, sin la autorizaci\u00f3n expresa del titular. El usuario se compromete a respetar los derechos de propiedad intelectual e industrial del titular y de terceros.<\/p>\n\n\n\n<h4 class=\"wp-block-heading\"><strong>Responsabilidad<\/strong><\/h4>\n\n\n\n<p><strong>360 The Circular Agency<\/strong> no se hace responsable de los da\u00f1os o perjuicios derivados del uso del contenido de su sitio web. Asimismo, no garantiza la ausencia de virus o cualquier otro tipo de malware que pueda causar alteraciones en el sistema inform\u00e1tico del usuario.<\/p>\n\n\n\n<p>El titular del sitio web no asume responsabilidad alguna derivada de los enlaces (links) que puedan direccionar a contenidos externos. En caso de que un enlace remita a un sitio externo, se recomienda al usuario revisar las pol\u00edticas de privacidad y t\u00e9rminos de uso de dicho sitio.<\/p>\n\n\n\n<h4 class=\"wp-block-heading\"><strong>Protecci\u00f3n de datos<\/strong><\/h4>\n\n\n\n<p>En cumplimiento con lo dispuesto por el <strong>Reglamento General de Protecci\u00f3n de Datos (RGPD) 2016\/679<\/strong>, y dem\u00e1s normativa aplicable, los datos personales que el usuario pueda facilitar durante el uso del sitio web ser\u00e1n tratados conforme a nuestra <strong>Pol\u00edtica de Privacidad<\/strong>, la cual debe ser revisada por el usuario.<\/p>\n\n\n\n<h4 class=\"wp-block-heading\"><strong>Ley aplicable y jurisdicci\u00f3n<\/strong><\/h4>\n\n\n\n<p>Este Aviso Legal se rige por la legislaci\u00f3n espa\u00f1ola. Para cualquier controversia que pudiera surgir relacionada con el sitio web o la actividad desarrollada en \u00e9l, ser\u00e1n competentes los Juzgados y Tribunales de <strong>Santa Cruz de Tenerife<\/strong>, renunciando expresamente el usuario a cualquier otro fuero que pudiera corresponderle.<\/p>\n\n\n\n<hr class=\"wp-block-separator has-alpha-channel-opacity\"\/>\n\n\n\n<p><strong>360 The Circular Agency<\/strong><br><strong>Email:<\/strong> <a>administracion@360thecircularagency.com<\/a><\/p>\n","protected":false},"excerpt":{"rendered":"<p>En cumplimiento con lo dispuesto por la Ley 34\/2002, de 11 de julio, de Servicios de la Sociedad de la [&hellip;]<\/p>\n","protected":false},"author":1,"featured_media":0,"parent":0,"menu_order":0,"comment_status":"closed","ping_status":"closed","template":"","meta":{"site-sidebar-layout":"default","site-content-layout":"","ast-site-content-layout":"default","site-content-style":"default","site-sidebar-style":"default","ast-global-header-display":"","ast-banner-title-visibility":"","ast-main-header-display":"","ast-hfb-above-header-display":"","ast-hfb-below-header-display":"","ast-hfb-mobile-header-display":"","site-post-title":"","ast-breadcrumbs-content":"","ast-featured-img":"","footer-sml-layout":"","ast-disable-related-posts":"","theme-transparent-header-meta":"","adv-header-id-meta":"","stick-header-meta":"","header-above-stick-meta":"","header-main-stick-meta":"","header-below-stick-meta":"","astra-migrate-meta-layouts":"default","ast-page-background-enabled":"default","ast-page-background-meta":{"desktop":{"background-color":"var(--ast-global-color-4)","background-image":"","background-repeat":"repeat","background-position":"center center","background-size":"auto","background-attachment":"scroll","background-type":"","background-media":"","overlay-type":"","overlay-color":"","overlay-opacity":"","overlay-gradient":""},"tablet":{"background-color":"","background-image":"","background-repeat":"repeat","background-position":"center center","background-size":"auto","background-attachment":"scroll","background-type":"","background-media":"","overlay-type":"","overlay-color":"","overlay-opacity":"","overlay-gradient":""},"mobile":{"background-color":"","background-image":"","background-repeat":"repeat","background-position":"center center","background-size":"auto","background-attachment":"scroll","background-type":"","background-media":"","overlay-type":"","overlay-color":"","overlay-opacity":"","overlay-gradient":""}},"ast-content-background-meta":{"desktop":{"background-color":"var(--ast-global-color-5)","background-image":"","background-repeat":"repeat","background-position":"center center","background-size":"auto","background-attachment":"scroll","background-type":"","background-media":"","overlay-type":"","overlay-color":"","overlay-opacity":"","overlay-gradient":""},"tablet":{"background-color":"var(--ast-global-color-5)","background-image":"","background-repeat":"repeat","background-position":"center center","background-size":"auto","background-attachment":"scroll","background-type":"","background-media":"","overlay-type":"","overlay-color":"","overlay-opacity":"","overlay-gradient":""},"mobile":{"background-color":"var(--ast-global-color-5)","background-image":"","background-repeat":"repeat","background-position":"center center","background-size":"auto","background-attachment":"scroll","background-type":"","background-media":"","overlay-type":"","overlay-color":"","overlay-opacity":"","overlay-gradient":""}},"footnotes":""},"class_list":["post-33","page","type-page","status-publish","hentry"],"yoast_head":"<!-- This site is optimized with the Yoast SEO plugin v27.4 - https:\/\/yoast.com\/product\/yoast-seo-wordpress\/ -->\n<title>Aviso Legal - 360 The Circular Agency<\/title>\n<meta name=\"robots\" content=\"index, follow, max-snippet:-1, max-image-preview:large, max-video-preview:-1\" \/>\n<link rel=\"canonical\" href=\"https:\/\/www.360circularagency.es\/?page_id=33\" \/>\n<meta property=\"og:locale\" content=\"es_ES\" \/>\n<meta property=\"og:type\" content=\"article\" \/>\n<meta property=\"og:title\" content=\"Aviso Legal - 360 The Circular Agency\" \/>\n<meta property=\"og:description\" content=\"En cumplimiento con lo dispuesto por la Ley 34\/2002, de 11 de julio, de Servicios de la Sociedad de la [&hellip;]\" \/>\n<meta property=\"og:url\" content=\"https:\/\/www.360circularagency.es\/?page_id=33\" \/>\n<meta property=\"og:site_name\" content=\"360 The Circular Agency\" \/>\n<meta property=\"article:modified_time\" content=\"2024-10-24T23:36:16+00:00\" \/>\n<meta name=\"twitter:card\" content=\"summary_large_image\" \/>\n<meta name=\"twitter:label1\" content=\"Tiempo de lectura\" \/>\n\t<meta name=\"twitter:data1\" content=\"3 minutos\" \/>\n<script type=\"application\/ld+json\" class=\"yoast-schema-graph\">{\"@context\":\"https:\\\/\\\/schema.org\",\"@graph\":[{\"@type\":\"WebPage\",\"@id\":\"https:\\\/\\\/www.360circularagency.es\\\/?page_id=33\",\"url\":\"https:\\\/\\\/www.360circularagency.es\\\/?page_id=33\",\"name\":\"Aviso Legal - 360 The Circular Agency\",\"isPartOf\":{\"@id\":\"http:\\\/\\\/www.360circularagency.es\\\/#website\"},\"datePublished\":\"2024-03-25T18:12:11+00:00\",\"dateModified\":\"2024-10-24T23:36:16+00:00\",\"breadcrumb\":{\"@id\":\"https:\\\/\\\/www.360circularagency.es\\\/?page_id=33#breadcrumb\"},\"inLanguage\":\"es\",\"potentialAction\":[{\"@type\":\"ReadAction\",\"target\":[\"https:\\\/\\\/www.360circularagency.es\\\/?page_id=33\"]}]},{\"@type\":\"BreadcrumbList\",\"@id\":\"https:\\\/\\\/www.360circularagency.es\\\/?page_id=33#breadcrumb\",\"itemListElement\":[{\"@type\":\"ListItem\",\"position\":1,\"name\":\"Portada\",\"item\":\"http:\\\/\\\/www.360circularagency.es\\\/\"},{\"@type\":\"ListItem\",\"position\":2,\"name\":\"Aviso Legal\"}]},{\"@type\":\"WebSite\",\"@id\":\"http:\\\/\\\/www.360circularagency.es\\\/#website\",\"url\":\"http:\\\/\\\/www.360circularagency.es\\\/\",\"name\":\"360 The Circular Agency\",\"description\":\"Agencia consultora\",\"publisher\":{\"@id\":\"http:\\\/\\\/www.360circularagency.es\\\/#organization\"},\"potentialAction\":[{\"@type\":\"SearchAction\",\"target\":{\"@type\":\"EntryPoint\",\"urlTemplate\":\"http:\\\/\\\/www.360circularagency.es\\\/?s={search_term_string}\"},\"query-input\":{\"@type\":\"PropertyValueSpecification\",\"valueRequired\":true,\"valueName\":\"search_term_string\"}}],\"inLanguage\":\"es\"},{\"@type\":\"Organization\",\"@id\":\"http:\\\/\\\/www.360circularagency.es\\\/#organization\",\"name\":\"360 The Circular Agency\",\"url\":\"http:\\\/\\\/www.360circularagency.es\\\/\",\"logo\":{\"@type\":\"ImageObject\",\"inLanguage\":\"es\",\"@id\":\"http:\\\/\\\/www.360circularagency.es\\\/#\\\/schema\\\/logo\\\/image\\\/\",\"url\":\"https:\\\/\\\/www.360circularagency.es\\\/wp-content\\\/uploads\\\/2024\\\/03\\\/cropped-The-circular.jpg\",\"contentUrl\":\"https:\\\/\\\/www.360circularagency.es\\\/wp-content\\\/uploads\\\/2024\\\/03\\\/cropped-The-circular.jpg\",\"width\":1080,\"height\":441,\"caption\":\"360 The Circular Agency\"},\"image\":{\"@id\":\"http:\\\/\\\/www.360circularagency.es\\\/#\\\/schema\\\/logo\\\/image\\\/\"}}]}<\/script>\n<!-- \/ Yoast SEO plugin. -->","yoast_head_json":{"title":"Aviso Legal - 360 The Circular Agency","robots":{"index":"index","follow":"follow","max-snippet":"max-snippet:-1","max-image-preview":"max-image-preview:large","max-video-preview":"max-video-preview:-1"},"canonical":"https:\/\/www.360circularagency.es\/?page_id=33","og_locale":"es_ES","og_type":"article","og_title":"Aviso Legal - 360 The Circular Agency","og_description":"En cumplimiento con lo dispuesto por la Ley 34\/2002, de 11 de julio, de Servicios de la Sociedad de la [&hellip;]","og_url":"https:\/\/www.360circularagency.es\/?page_id=33","og_site_name":"360 The Circular Agency","article_modified_time":"2024-10-24T23:36:16+00:00","twitter_card":"summary_large_image","twitter_misc":{"Tiempo de lectura":"3 minutos"},"schema":{"@context":"https:\/\/schema.org","@graph":[{"@type":"WebPage","@id":"https:\/\/www.360circularagency.es\/?page_id=33","url":"https:\/\/www.360circularagency.es\/?page_id=33","name":"Aviso Legal - 360 The Circular Agency","isPartOf":{"@id":"http:\/\/www.360circularagency.es\/#website"},"datePublished":"2024-03-25T18:12:11+00:00","dateModified":"2024-10-24T23:36:16+00:00","breadcrumb":{"@id":"https:\/\/www.360circularagency.es\/?page_id=33#breadcrumb"},"inLanguage":"es","potentialAction":[{"@type":"ReadAction","target":["https:\/\/www.360circularagency.es\/?page_id=33"]}]},{"@type":"BreadcrumbList","@id":"https:\/\/www.360circularagency.es\/?page_id=33#breadcrumb","itemListElement":[{"@type":"ListItem","position":1,"name":"Portada","item":"http:\/\/www.360circularagency.es\/"},{"@type":"ListItem","position":2,"name":"Aviso Legal"}]},{"@type":"WebSite","@id":"http:\/\/www.360circularagency.es\/#website","url":"http:\/\/www.360circularagency.es\/","name":"360 The Circular Agency","description":"Agencia consultora","publisher":{"@id":"http:\/\/www.360circularagency.es\/#organization"},"potentialAction":[{"@type":"SearchAction","target":{"@type":"EntryPoint","urlTemplate":"http:\/\/www.360circularagency.es\/?s={search_term_string}"},"query-input":{"@type":"PropertyValueSpecification","valueRequired":true,"valueName":"search_term_string"}}],"inLanguage":"es"},{"@type":"Organization","@id":"http:\/\/www.360circularagency.es\/#organization","name":"360 The Circular Agency","url":"http:\/\/www.360circularagency.es\/","logo":{"@type":"ImageObject","inLanguage":"es","@id":"http:\/\/www.360circularagency.es\/#\/schema\/logo\/image\/","url":"https:\/\/www.360circularagency.es\/wp-content\/uploads\/2024\/03\/cropped-The-circular.jpg","contentUrl":"https:\/\/www.360circularagency.es\/wp-content\/uploads\/2024\/03\/cropped-The-circular.jpg","width":1080,"height":441,"caption":"360 The Circular Agency"},"image":{"@id":"http:\/\/www.360circularagency.es\/#\/schema\/logo\/image\/"}}]}},"jetpack_sharing_enabled":true,"_links":{"self":[{"href":"https:\/\/www.360circularagency.es\/index.php?rest_route=\/wp\/v2\/pages\/33","targetHints":{"allow":["GET"]}}],"collection":[{"href":"https:\/\/www.360circularagency.es\/index.php?rest_route=\/wp\/v2\/pages"}],"about":[{"href":"https:\/\/www.360circularagency.es\/index.php?rest_route=\/wp\/v2\/types\/page"}],"author":[{"embeddable":true,"href":"https:\/\/www.360circularagency.es\/index.php?rest_route=\/wp\/v2\/users\/1"}],"replies":[{"embeddable":true,"href":"https:\/\/www.360circularagency.es\/index.php?rest_route=%2Fwp%2Fv2%2Fcomments&post=33"}],"version-history":[{"count":2,"href":"https:\/\/www.360circularagency.es\/index.php?rest_route=\/wp\/v2\/pages\/33\/revisions"}],"predecessor-version":[{"id":214,"href":"https:\/\/www.360circularagency.es\/index.php?rest_route=\/wp\/v2\/pages\/33\/revisions\/214"}],"wp:attachment":[{"href":"https:\/\/www.360circularagency.es\/index.php?rest_route=%2Fwp%2Fv2%2Fmedia&parent=33"}],"curies":[{"name":"wp","href":"https:\/\/api.w.org\/{rel}","templated":true}]}}