{"id":468,"date":"2025-11-16T23:15:07","date_gmt":"2025-11-16T23:15:07","guid":{"rendered":"https:\/\/www.360circularagency.es\/?page_id=468"},"modified":"2025-11-18T09:10:11","modified_gmt":"2025-11-18T09:10:11","slug":"contacto-2","status":"publish","type":"page","link":"https:\/\/www.360circularagency.es\/?page_id=468","title":{"rendered":"Contacto"},"content":{"rendered":"\t\t<div data-elementor-type=\"wp-page\" data-elementor-id=\"468\" class=\"elementor elementor-468\" data-elementor-post-type=\"page\">\n\t\t\t\t<div class=\"elementor-element elementor-element-798140b e-flex e-con-boxed e-con e-parent\" data-id=\"798140b\" data-element_type=\"container\" data-e-type=\"container\" data-settings=\"{&quot;background_background&quot;:&quot;video&quot;,&quot;background_video_link&quot;:&quot;http:\\\/\\\/www.360circularagency.es\\\/wp-content\\\/uploads\\\/2025\\\/11\\\/Planets_Rotate_in_Generated_Video.mp4&quot;,&quot;background_play_on_mobile&quot;:&quot;yes&quot;}\">\n\t\t\t\t\t<div class=\"e-con-inner\">\n\t\t<div class=\"elementor-background-video-container\">\n\t\t\t\t\t\t\t<video class=\"elementor-background-video-hosted\" role=\"presentation\" autoplay muted playsinline loop><\/video>\n\t\t\t\t\t<\/div><div class=\"elementor-element elementor-element-b34d08c e-con-full e-flex e-con e-child\" data-id=\"b34d08c\" data-element_type=\"container\" data-e-type=\"container\">\n\t\t\t\t<div class=\"elementor-element elementor-element-3bcf6f5 elementor-widget elementor-widget-text-editor\" data-id=\"3bcf6f5\" data-element_type=\"widget\" data-e-type=\"widget\" data-widget_type=\"text-editor.default\">\n\t\t\t\t<div class=\"elementor-widget-container\">\n\t\t\t\t\t\t\t\t\t<div class=\"elementor-element elementor-element-8366d53 elementor-widget elementor-widget-heading\" data-id=\"8366d53\" data-element_type=\"widget\" data-widget_type=\"heading.default\"><div class=\"elementor-widget-container\"><h1 class=\"elementor-heading-title elementor-size-medium\"><em><span style=\"color: #ffffff;\"><u>Correo<\/u><\/span><\/em><\/h1><div><em><span style=\"color: #ffffff;\">\u00a0<\/span><\/em><\/div><\/div><\/div><div class=\"elementor-element elementor-element-c8579f7 elementor-widget elementor-widget-text-editor\" data-id=\"c8579f7\" data-element_type=\"widget\" data-widget_type=\"text-editor.default\"><div class=\"elementor-widget-container\"><p><a href=\"mailto:Info@360TheCircularAgency.com\"><span style=\"color: #ffffff;\">Info@360TheCircularAgency.com<\/span><\/a><\/p><p><span style=\"color: #ffffff;\">\u00a0<\/span><\/p><p><span style=\"color: #ffffff; font-size: 19px; font-style: inherit;\"><b><u>Direcci\u00f3n<\/u><\/b><\/span><\/p><\/div><\/div><div class=\"elementor-element elementor-element-ad3206e elementor-widget elementor-widget-text-editor\" data-id=\"ad3206e\" data-element_type=\"widget\" data-widget_type=\"text-editor.default\"><div class=\"elementor-widget-container\"><p><span style=\"color: #ffffff;\">Calle Prolongaci\u00f3n Ram\u00f3n y Cajal, n\u00ba9. Edificio Orquidea, oficina 6., Santa Cruz de Tenerife, Spain, 38002<\/span><\/p><\/div><\/div>\t\t\t\t\t\t\t\t<\/div>\n\t\t\t\t<\/div>\n\t\t\t\t<\/div>\n\t\t<div class=\"elementor-element elementor-element-eff69b5 e-con-full e-flex e-con e-child\" data-id=\"eff69b5\" data-element_type=\"container\" data-e-type=\"container\">\n\t\t\t\t<div class=\"elementor-element elementor-element-02c4e31 elementor-widget elementor-widget-wpforms\" data-id=\"02c4e31\" data-element_type=\"widget\" data-e-type=\"widget\" data-widget_type=\"wpforms.default\">\n\t\t\t\t<div class=\"elementor-widget-container\">\n\t\t\t\t\t<div class=\"wpforms-container wpforms-container-full\" id=\"wpforms-100\"><form id=\"wpforms-form-100\" class=\"wpforms-validate wpforms-form\" data-formid=\"100\" method=\"post\" enctype=\"multipart\/form-data\" action=\"\/index.php?rest_route=%2Fwp%2Fv2%2Fpages%2F468\" data-token=\"aca129de507794cad46ec452d42a7dc8\"><noscript class=\"wpforms-error-noscript\">Por favor, activa JavaScript en tu navegador para completar este formulario.<\/noscript><div class=\"wpforms-field-container\"><div id=\"wpforms-100-field_0-container\" class=\"wpforms-field wpforms-field-name\" data-field-id=\"0\"><label class=\"wpforms-field-label wpforms-label-hide\" for=\"wpforms-100-field_0\">Nombre <span class=\"wpforms-required-label\">*<\/span><\/label><input type=\"text\" id=\"wpforms-100-field_0\" class=\"wpforms-field-large wpforms-field-required\" name=\"wpforms[fields][0]\" placeholder=\"Nombre\" required><\/div><div id=\"wpforms-100-field_1-container\" class=\"wpforms-field wpforms-field-email\" data-field-id=\"1\"><label class=\"wpforms-field-label wpforms-label-hide\" for=\"wpforms-100-field_1\">Email <span class=\"wpforms-required-label\">*<\/span><\/label><input type=\"email\" id=\"wpforms-100-field_1\" class=\"wpforms-field-large wpforms-field-required\" name=\"wpforms[fields][1]\" placeholder=\"Email\" required><\/div><div id=\"wpforms-100-field_3-container\" class=\"wpforms-field wpforms-field-text\" data-field-id=\"3\"><label class=\"wpforms-field-label wpforms-label-hide\" for=\"wpforms-100-field_3\">T\u00edtulo <span class=\"wpforms-required-label\">*<\/span><\/label><input type=\"text\" id=\"wpforms-100-field_3\" class=\"wpforms-field-large wpforms-field-required\" name=\"wpforms[fields][3]\" placeholder=\"Asunto\" required><\/div><div id=\"wpforms-100-field_2-container\" class=\"wpforms-field wpforms-field-textarea\" data-field-id=\"2\"><label class=\"wpforms-field-label wpforms-label-hide\" for=\"wpforms-100-field_2\">Mensaje <span class=\"wpforms-required-label\">*<\/span><\/label><textarea id=\"wpforms-100-field_2\" class=\"wpforms-field-medium wpforms-field-required\" name=\"wpforms[fields][2]\" placeholder=\"Mensaje\" required><\/textarea><\/div><\/div><div class=\"wpforms-field wpforms-field-hp\"><label for=\"wpforms-100-field-hp\" class=\"wpforms-field-label\">Phone<\/label><input type=\"text\" name=\"wpforms[hp]\" id=\"wpforms-100-field-hp\" class=\"wpforms-field-medium\"><\/div><div class=\"wpforms-submit-container\"><input type=\"hidden\" name=\"wpforms[id]\" value=\"100\"><input type=\"hidden\" name=\"wpforms[author]\" value=\"1\"><button type=\"submit\" name=\"wpforms[submit]\" id=\"wpforms-submit-100\" class=\"wpforms-submit\" data-alt-text=\"Enviando....\" data-submit-text=\"Enviar\" aria-live=\"assertive\" value=\"wpforms-submit\">Enviar<\/button><\/div><\/form><\/div>  <!-- .wpforms-container -->\t\t\t\t<\/div>\n\t\t\t\t<\/div>\n\t\t\t\t<\/div>\n\t\t\t\t\t<\/div>\n\t\t\t\t<\/div>\n\t\t\t\t<\/div>\n\t\t","protected":false},"excerpt":{"rendered":"<p>Correo \u00a0 Info@360TheCircularAgency.com \u00a0 Direcci\u00f3n Calle Prolongaci\u00f3n Ram\u00f3n y Cajal, n\u00ba9. Edificio Orquidea, oficina 6., Santa Cruz de Tenerife, Spain, [&hellip;]<\/p>\n","protected":false},"author":1,"featured_media":0,"parent":0,"menu_order":0,"comment_status":"closed","ping_status":"closed","template":"","meta":{"site-sidebar-layout":"no-sidebar","site-content-layout":"","ast-site-content-layout":"full-width-container","site-content-style":"default","site-sidebar-style":"default","ast-global-header-display":"","ast-banner-title-visibility":"","ast-main-header-display":"","ast-hfb-above-header-display":"","ast-hfb-below-header-display":"","ast-hfb-mobile-header-display":"","site-post-title":"disabled","ast-breadcrumbs-content":"","ast-featured-img":"disabled","footer-sml-layout":"","ast-disable-related-posts":"","theme-transparent-header-meta":"","adv-header-id-meta":"","stick-header-meta":"","header-above-stick-meta":"","header-main-stick-meta":"","header-below-stick-meta":"","astra-migrate-meta-layouts":"default","ast-page-background-enabled":"default","ast-page-background-meta":{"desktop":{"background-color":"var(--ast-global-color-4)","background-image":"","background-repeat":"repeat","background-position":"center center","background-size":"auto","background-attachment":"scroll","background-type":"","background-media":"","overlay-type":"","overlay-color":"","overlay-opacity":"","overlay-gradient":""},"tablet":{"background-color":"","background-image":"","background-repeat":"repeat","background-position":"center center","background-size":"auto","background-attachment":"scroll","background-type":"","background-media":"","overlay-type":"","overlay-color":"","overlay-opacity":"","overlay-gradient":""},"mobile":{"background-color":"","background-image":"","background-repeat":"repeat","background-position":"center center","background-size":"auto","background-attachment":"scroll","background-type":"","background-media":"","overlay-type":"","overlay-color":"","overlay-opacity":"","overlay-gradient":""}},"ast-content-background-meta":{"desktop":{"background-color":"var(--ast-global-color-5)","background-image":"","background-repeat":"repeat","background-position":"center center","background-size":"auto","background-attachment":"scroll","background-type":"","background-media":"","overlay-type":"","overlay-color":"","overlay-opacity":"","overlay-gradient":""},"tablet":{"background-color":"var(--ast-global-color-5)","background-image":"","background-repeat":"repeat","background-position":"center center","background-size":"auto","background-attachment":"scroll","background-type":"","background-media":"","overlay-type":"","overlay-color":"","overlay-opacity":"","overlay-gradient":""},"mobile":{"background-color":"var(--ast-global-color-5)","background-image":"","background-repeat":"repeat","background-position":"center center","background-size":"auto","background-attachment":"scroll","background-type":"","background-media":"","overlay-type":"","overlay-color":"","overlay-opacity":"","overlay-gradient":""}},"footnotes":""},"class_list":["post-468","page","type-page","status-publish","hentry"],"yoast_head":"<!-- This site is optimized with the Yoast SEO plugin v27.4 - https:\/\/yoast.com\/product\/yoast-seo-wordpress\/ -->\n<title>Contacto - 360 The Circular Agency<\/title>\n<meta name=\"robots\" content=\"index, follow, max-snippet:-1, max-image-preview:large, max-video-preview:-1\" \/>\n<link rel=\"canonical\" href=\"https:\/\/www.360circularagency.es\/?page_id=468\" \/>\n<meta property=\"og:locale\" content=\"es_ES\" \/>\n<meta property=\"og:type\" content=\"article\" \/>\n<meta property=\"og:title\" content=\"Contacto - 360 The Circular Agency\" \/>\n<meta property=\"og:description\" content=\"Correo \u00a0 Info@360TheCircularAgency.com \u00a0 Direcci\u00f3n Calle Prolongaci\u00f3n Ram\u00f3n y Cajal, n\u00ba9. Edificio Orquidea, oficina 6., Santa Cruz de Tenerife, Spain, [&hellip;]\" \/>\n<meta property=\"og:url\" content=\"https:\/\/www.360circularagency.es\/?page_id=468\" \/>\n<meta property=\"og:site_name\" content=\"360 The Circular Agency\" \/>\n<meta property=\"article:modified_time\" content=\"2025-11-18T09:10:11+00:00\" \/>\n<meta name=\"twitter:card\" content=\"summary_large_image\" \/>\n<meta name=\"twitter:label1\" content=\"Tiempo de lectura\" \/>\n\t<meta name=\"twitter:data1\" content=\"1 minuto\" \/>\n<script type=\"application\/ld+json\" class=\"yoast-schema-graph\">{\"@context\":\"https:\\\/\\\/schema.org\",\"@graph\":[{\"@type\":\"WebPage\",\"@id\":\"https:\\\/\\\/www.360circularagency.es\\\/?page_id=468\",\"url\":\"https:\\\/\\\/www.360circularagency.es\\\/?page_id=468\",\"name\":\"Contacto - 360 The Circular Agency\",\"isPartOf\":{\"@id\":\"http:\\\/\\\/www.360circularagency.es\\\/#website\"},\"datePublished\":\"2025-11-16T23:15:07+00:00\",\"dateModified\":\"2025-11-18T09:10:11+00:00\",\"breadcrumb\":{\"@id\":\"https:\\\/\\\/www.360circularagency.es\\\/?page_id=468#breadcrumb\"},\"inLanguage\":\"es\",\"potentialAction\":[{\"@type\":\"ReadAction\",\"target\":[\"https:\\\/\\\/www.360circularagency.es\\\/?page_id=468\"]}]},{\"@type\":\"BreadcrumbList\",\"@id\":\"https:\\\/\\\/www.360circularagency.es\\\/?page_id=468#breadcrumb\",\"itemListElement\":[{\"@type\":\"ListItem\",\"position\":1,\"name\":\"Portada\",\"item\":\"http:\\\/\\\/www.360circularagency.es\\\/\"},{\"@type\":\"ListItem\",\"position\":2,\"name\":\"Contacto\"}]},{\"@type\":\"WebSite\",\"@id\":\"http:\\\/\\\/www.360circularagency.es\\\/#website\",\"url\":\"http:\\\/\\\/www.360circularagency.es\\\/\",\"name\":\"360 The Circular Agency\",\"description\":\"Agencia consultora\",\"publisher\":{\"@id\":\"http:\\\/\\\/www.360circularagency.es\\\/#organization\"},\"potentialAction\":[{\"@type\":\"SearchAction\",\"target\":{\"@type\":\"EntryPoint\",\"urlTemplate\":\"http:\\\/\\\/www.360circularagency.es\\\/?s={search_term_string}\"},\"query-input\":{\"@type\":\"PropertyValueSpecification\",\"valueRequired\":true,\"valueName\":\"search_term_string\"}}],\"inLanguage\":\"es\"},{\"@type\":\"Organization\",\"@id\":\"http:\\\/\\\/www.360circularagency.es\\\/#organization\",\"name\":\"360 The Circular Agency\",\"url\":\"http:\\\/\\\/www.360circularagency.es\\\/\",\"logo\":{\"@type\":\"ImageObject\",\"inLanguage\":\"es\",\"@id\":\"http:\\\/\\\/www.360circularagency.es\\\/#\\\/schema\\\/logo\\\/image\\\/\",\"url\":\"https:\\\/\\\/www.360circularagency.es\\\/wp-content\\\/uploads\\\/2024\\\/03\\\/cropped-The-circular.jpg\",\"contentUrl\":\"https:\\\/\\\/www.360circularagency.es\\\/wp-content\\\/uploads\\\/2024\\\/03\\\/cropped-The-circular.jpg\",\"width\":1080,\"height\":441,\"caption\":\"360 The Circular Agency\"},\"image\":{\"@id\":\"http:\\\/\\\/www.360circularagency.es\\\/#\\\/schema\\\/logo\\\/image\\\/\"}}]}<\/script>\n<!-- \/ Yoast SEO plugin. -->","yoast_head_json":{"title":"Contacto - 360 The Circular Agency","robots":{"index":"index","follow":"follow","max-snippet":"max-snippet:-1","max-image-preview":"max-image-preview:large","max-video-preview":"max-video-preview:-1"},"canonical":"https:\/\/www.360circularagency.es\/?page_id=468","og_locale":"es_ES","og_type":"article","og_title":"Contacto - 360 The Circular Agency","og_description":"Correo \u00a0 Info@360TheCircularAgency.com \u00a0 Direcci\u00f3n Calle Prolongaci\u00f3n Ram\u00f3n y Cajal, n\u00ba9. Edificio Orquidea, oficina 6., Santa Cruz de Tenerife, Spain, [&hellip;]","og_url":"https:\/\/www.360circularagency.es\/?page_id=468","og_site_name":"360 The Circular Agency","article_modified_time":"2025-11-18T09:10:11+00:00","twitter_card":"summary_large_image","twitter_misc":{"Tiempo de lectura":"1 minuto"},"schema":{"@context":"https:\/\/schema.org","@graph":[{"@type":"WebPage","@id":"https:\/\/www.360circularagency.es\/?page_id=468","url":"https:\/\/www.360circularagency.es\/?page_id=468","name":"Contacto - 360 The Circular Agency","isPartOf":{"@id":"http:\/\/www.360circularagency.es\/#website"},"datePublished":"2025-11-16T23:15:07+00:00","dateModified":"2025-11-18T09:10:11+00:00","breadcrumb":{"@id":"https:\/\/www.360circularagency.es\/?page_id=468#breadcrumb"},"inLanguage":"es","potentialAction":[{"@type":"ReadAction","target":["https:\/\/www.360circularagency.es\/?page_id=468"]}]},{"@type":"BreadcrumbList","@id":"https:\/\/www.360circularagency.es\/?page_id=468#breadcrumb","itemListElement":[{"@type":"ListItem","position":1,"name":"Portada","item":"http:\/\/www.360circularagency.es\/"},{"@type":"ListItem","position":2,"name":"Contacto"}]},{"@type":"WebSite","@id":"http:\/\/www.360circularagency.es\/#website","url":"http:\/\/www.360circularagency.es\/","name":"360 The Circular Agency","description":"Agencia consultora","publisher":{"@id":"http:\/\/www.360circularagency.es\/#organization"},"potentialAction":[{"@type":"SearchAction","target":{"@type":"EntryPoint","urlTemplate":"http:\/\/www.360circularagency.es\/?s={search_term_string}"},"query-input":{"@type":"PropertyValueSpecification","valueRequired":true,"valueName":"search_term_string"}}],"inLanguage":"es"},{"@type":"Organization","@id":"http:\/\/www.360circularagency.es\/#organization","name":"360 The Circular Agency","url":"http:\/\/www.360circularagency.es\/","logo":{"@type":"ImageObject","inLanguage":"es","@id":"http:\/\/www.360circularagency.es\/#\/schema\/logo\/image\/","url":"https:\/\/www.360circularagency.es\/wp-content\/uploads\/2024\/03\/cropped-The-circular.jpg","contentUrl":"https:\/\/www.360circularagency.es\/wp-content\/uploads\/2024\/03\/cropped-The-circular.jpg","width":1080,"height":441,"caption":"360 The Circular Agency"},"image":{"@id":"http:\/\/www.360circularagency.es\/#\/schema\/logo\/image\/"}}]}},"jetpack_sharing_enabled":true,"_links":{"self":[{"href":"https:\/\/www.360circularagency.es\/index.php?rest_route=\/wp\/v2\/pages\/468","targetHints":{"allow":["GET"]}}],"collection":[{"href":"https:\/\/www.360circularagency.es\/index.php?rest_route=\/wp\/v2\/pages"}],"about":[{"href":"https:\/\/www.360circularagency.es\/index.php?rest_route=\/wp\/v2\/types\/page"}],"author":[{"embeddable":true,"href":"https:\/\/www.360circularagency.es\/index.php?rest_route=\/wp\/v2\/users\/1"}],"replies":[{"embeddable":true,"href":"https:\/\/www.360circularagency.es\/index.php?rest_route=%2Fwp%2Fv2%2Fcomments&post=468"}],"version-history":[{"count":31,"href":"https:\/\/www.360circularagency.es\/index.php?rest_route=\/wp\/v2\/pages\/468\/revisions"}],"predecessor-version":[{"id":506,"href":"https:\/\/www.360circularagency.es\/index.php?rest_route=\/wp\/v2\/pages\/468\/revisions\/506"}],"wp:attachment":[{"href":"https:\/\/www.360circularagency.es\/index.php?rest_route=%2Fwp%2Fv2%2Fmedia&parent=468"}],"curies":[{"name":"wp","href":"https:\/\/api.w.org\/{rel}","templated":true}]}}